{"id":1534,"date":"2026-02-07T11:43:51","date_gmt":"2026-02-07T10:43:51","guid":{"rendered":"https:\/\/www.hirsch-steuerungsanlagen.com\/privacy-policy-eu\/"},"modified":"2026-02-07T11:43:51","modified_gmt":"2026-02-07T10:43:51","slug":"privacy-policy-eu","status":"publish","type":"page","link":"https:\/\/www.hirsch-steuerungsanlagen.com\/en\/privacy-policy-eu\/","title":{"rendered":"Privacy policy (EU)"},"content":{"rendered":"\n<!-- Legal document generated by Complianz | GDPR\/CCPA Cookie Consent https:\/\/wordpress.org\/plugins\/complianz-gdpr -->\n<div id=\"cmplz-document\" class=\"cmplz-document privacy-statement cmplz-document-eu\"><p><i>This privacy statement was last updated on May 17, 2025 and applies to citizens and legal permanent residents of the European Economic Area and Switzerland.<\/i><br \/><br \/><\/p><p><p>In this privacy statement, we explain what we do with the data we obtain about you via <a href=\"https:\/\/www.hirsch-steuerungsanlagen.com\/en\/\">https:\/\/www.hirsch-steuerungsanlagen.com\/en\/<\/a>. We recommend you carefully read this statement. In our processing we comply with the requirements of privacy legislation. That means, among other things, that:<\/p><ul>\n                <li>we clearly state the purposes for which we process personal data. We do this by means of this privacy statement;<\/li>\n                <li>we aim to limit our collection of personal data to only the personal data required for legitimate purposes;<\/li>\n                <li>we first request your explicit consent to process your personal data in cases requiring your consent;<\/li>\n                <li>we take appropriate security measures to protect your personal data and also require this from parties that process personal data on our behalf;<\/li>\n                <li>we respect your right to access your personal data or have it corrected or deleted, at your request.<\/li>\n            <\/ul><p>If you have any questions, or want to know exactly what data we keep of you, please contact us.<\/p><\/p><h2>1. Purpose, data and retention period<\/h2>We may collect or receive personal information for a number of purposes connected with our business operations which may include the following: (click to expand)<details class=\"cmplz-dropdown dropdown-privacy-statement\"><summary><div><h3>1.1 Contact &#8211; Through phone, mail, email and\/or webforms<\/h3><\/div><\/summary><p class=\"cmplz-subtitle\">For this purpose we use the following data:<\/p><p><ul><li>A first and last name<\/li><li>A home or other physical address, including street name and name of a city or town<\/li><li>An email address<\/li><li>A telephone number<\/li><li>IP Address<\/li><\/ul><\/p><p class=\"cmplz-subtitle\">The basis on which we may process these data is:<\/p><p><a target=\"_blank\" rel=\"noopener noreferrer nofollow\" href=\"https:\/\/cookiedatabase.org\/legal-bases\/#agreement\">It is necessary for the execution of a contract or preliminary procedures related to a contract to which the data subject is a party. <\/a><\/p><p class=\"cmplz-subtitle\">Retention period<\/p><p>We retain this data until the service is terminated.<\/p><\/details><h2>2. Sharing with other parties<\/h2><p>We only share or disclose this data to processors for the following purposes:<\/p><p class=\"cmplz-subtitle\">Processors<\/p><p><b>Name:<\/b>&nbsp;Strato AG<br \/>\n            <b>Country:<\/b>&nbsp;Deutschland<br \/>\n            <b>Purpose:<\/b>&nbsp;Webhosting<br \/>\n            <b>Name:<\/b>&nbsp;wagnergraphics | Torsten Wagner<br \/>\n            <b>Country:<\/b>&nbsp;Dutschland<br \/>\n            <b>Purpose:<\/b>&nbsp;Webhosting<br \/>\n            <\/p><h2>3. Cookies<\/h2><p>Our website uses cookies. For more information about cookies, please refer to our <a href=\"https:\/\/www.hirsch-steuerungsanlagen.com\/en\/cookie-directive-eu\/\">Cookie Policy<\/a>.&nbsp;<\/p><h2>4. Disclosure practices<\/h2><p><p>We disclose personal information if we are required by law or by a court order, in response to a law enforcement agency, to the extent permitted under other provisions of law, to provide information, or for an investigation on a matter related to public safety.<\/p><p>If our website or organisation is taken over, sold, or involved in a merger or acquisition, your details may be disclosed to our advisers and any prospective purchasers and will be passed on to the new owners.<\/p><\/p><h2>5. Security<\/h2><p>We are committed to the security of personal data. We take appropriate security measures to limit abuse of and unauthorized access to personal data. This ensures that only the necessary persons have access to your data, that access to the data is protected, and that our security measures are regularly reviewed.<\/p><h2>6. Third-party websites<\/h2><p>This privacy statement does not apply to third-party websites connected by links on our website. We cannot guarantee that these third parties handle your personal data in a reliable or secure manner. We recommend you read the privacy statements of these websites prior to making use of these websites.<\/p><h2>7. Amendments to this privacy statement<\/h2><p>We reserve the right to make amendments to this privacy statement. It is recommended that you consult this privacy statement regularly in order to be aware of any changes. In addition, we will actively inform you wherever possible.<\/p><h2>8. Accessing and modifying your data<\/h2><p>If you have any questions or want to know which personal data we have about you, please contact us. You can contact us by using the information below. You have the following rights:<\/p><ul>\n                <li>You have the right to know why your personal data is needed, what will happen to it, and how long it will be retained for.<\/li>\n                <li>Right of access: You have the right to access your personal data that is known to us.<\/li>\n                <li>Right to rectification: you have the right to supplement, correct, have deleted or blocked your personal data whenever you wish.<\/li>\n                <li>If you give us your consent to process your data, you have the right to revoke that consent and to have your personal data deleted.<\/li>\n                <li>Right to transfer your data: you have the right to request all your personal data from the controller and transfer it in its entirety to another controller.<\/li>\n                <li>Right to object: you may object to the processing of your data. We comply with this, unless there are justified grounds for processing.<\/li>\n            <\/ul><p>Please make sure to always clearly state who you are, so that we can be certain that we do not modify or delete any data of the wrong person.<\/p><h2>9. Submitting a complaint<\/h2><p>If you are not satisfied with the way in which we handle (a complaint about) the processing of your personal data, you have the right to submit a complaint to the Data Protection Authority.<\/p><h2>10. Contact details<\/h2><p>Sven Hirsch<br \/>\n        Hirsch Steuerungsanlagen<br \/>\r\nAm Stift 6<br \/>\r\n38835 Hessen, Germany<br \/>\n        Germany<br \/>\n        Website: <a href=\"https:\/\/www.hirsch-steuerungsanlagen.com\/en\/\">https:\/\/www.hirsch-steuerungsanlagen.com\/en\/<\/a> <br \/>\n        Email: <span class=\"cmplz-obfuscate\">info@<span class=\"cmplz-fmail-domain\">&#101;x&#046;&#099;o&#109;<\/span>hir&#115;&#099;&#104;&#045;st&#101;uer&#117;&#110;g&#115;an&#108;ag&#101;&#110;.&#099;&#111;&#109;<\/span> <br \/>\n        Phone number: +49 39426 263-12<\/p><h2>Annex<\/h2><p><h3>Complianz | The Privacy Suite for WordPress<\/h3><p>Diese Website verwendet die Privacy Suite f\u00fcr WordPress von Complianz, um browser- und ger\u00e4tebasierte Einwilligungen zu sammeln und aufzuzeichnen. F\u00fcr diese Funktion wird deine IP-Adresse anonymisiert und in unserer Datenbank gespeichert.&nbsp;Dieser Dienst verarbeitet keine pers\u00f6nlich identifizierbaren Informationen und gibt keine Daten an den Dienstanbieter weiter.&nbsp;Weitere Informationen findest du in der Complianz <a href=\"https:\/\/complianz.io\/legal\/privacy-statement\/\">Datenschutzerkl\u00e4rung<\/a>.<\/p><h3>WPML<\/h3><p>WPML verwendet Cookies zur Feststellung der aktuellen Sprache des Besuchers, der zuletzt besuchten Sprache und der Sprache der Benutzer, die sich eingeloggt haben. W\u00e4hrend Sie das Plugin verwenden, wird WPML die Daten bez\u00fcglich der Seite \u00fcber den Installer teilen. Dabei werden keine Daten vom Benutzer selbst geteilt. &nbsp;<\/p><h3>WP Compress<\/h3><p>Die Inhalte dieser Webseite, einschlie\u00dflich Bilder, Javascripte sowie andere Mediendateien, werden teilweise \u00fcber die Server von WP Compress geladen. WP Compress greift auf BunnyCDN zur\u00fcck, um die Ladezeiten unserer Webseite zu verbessern. Der Dienst optimiert die Dateigr\u00f6\u00dfe von Mediendateien und steigert somit die Performance.<\/p><p><strong>GDPR-Konformit\u00e4t<\/strong><br>WP Compress nutzt BunnyCDN, um die Ladezeiten der optimierten WordPress-Seite zu verbessern. Alle CDN-Anfragen werden pseudonymisiert und anonymisiert, sodass keine pers\u00f6nlichen Benutzerdaten gespeichert oder verarbeitet werden, die eine Identifizierung erm\u00f6glichen.<\/p><ul><li><strong>Speicherort:<\/strong>&nbsp;EU-basierter Anbieter, Server in Standortn\u00e4he zum Besucher, u.a. in Deutschland.<\/li><li><strong>Anonymisierte Daten:<\/strong>&nbsp;Es werden keine pers\u00f6nlichen Daten gespeichert; alle Daten werden in Echtzeit anonymisiert.<\/li><li><strong>Kein Datentransfer:<\/strong>&nbsp;Keine pers\u00f6nlichen Daten verlassen die EU.<\/li><\/ul><p>F\u00fcr weitere Informationen \u00fcber die Datenschutzpraktiken von WP Compress verweisen wir auf die&nbsp;<a href=\"https:\/\/wpcompress.com\/privacy-policy\/#data-protection\">Datenschutzrichtlinie<\/a> von WP Compress&nbsp;und die <a href=\"https:\/\/bunny.net\/gdpr\/\">DSGVO-Hinweise von BunnyCDN<\/a>.<\/p><p>&nbsp;<\/p><h3>Hosting Provider &amp; Administrator<\/h3><p>Unsere Website wird von einem Webhoster bereitgestellt, der bestimmte personenbezogene Daten erheben und verarbeiten kann. Unser Administrator kann ebenso Zugang zu einigen auf dem Server gespeicherten Daten erhalten. Dazu geh\u00f6ren unter anderem:<\/p><ul><li>IP-Adresse: Wenn Sie unsere Website besuchen, wird Ihre IP-Adresse an den Server des Webhosters \u00fcbermittelt, um die Kommunikation zwischen dem Server und Ihrem Computer zu erm\u00f6glichen.<\/li><li>Log-Dateien: Der Webhoster erstellt automatisch Log-Dateien, in denen bestimmte Informationen \u00fcber die Nutzung der Website gespeichert werden. Dazu geh\u00f6ren beispielsweise die IP-Adresse des Nutzers, die besuchten Seiten, der Zeitpunkt des Besuchs sowie der verwendete Browser.<\/li><li>E-Mail-Adressen: Wenn Sie unseren E-Mail-Dienst nutzen, werden Ihre E-Mail-Adresse sowie der Inhalt der E-Mails auf den Servern des Webhosters gespeichert.<\/li><li>Zahlungsdaten: Wenn Sie Zahlungsdienste nutzen, k\u00f6nnen Zahlungsdaten wie Kreditkartennummern oder Bankverbindungen auf den Servern des Webhosters gespeichert werden.<\/li><li>Sonstige Daten: Je nach Art der Website k\u00f6nnen auch weitere personenbezogene Daten wie Name, Adresse, Telefonnummer oder Nutzerkonten auf den Servern des Webhosters gespeichert werden.<\/li><\/ul><h3><strong>Webhosting &amp; Administration<\/strong><\/h3><p><strong>wagnergraphics | Torsten Wagner<\/strong><br>Goethestra\u00dfe 1<br>38855 Wernigerode<br>Telefon: 03943\/2387514<br><a href=\"https:\/\/www.wagnergraphics.de\">www.wagnergraphics.de<\/a><\/p><p>&nbsp;<\/p><p><strong>Strato AG<\/strong><br>Otto-Ostrowski-Stra\u00dfe 7<br>10249 Berlin<br>Telefon: 030-300 146 0<br>E-Mail:&nbsp;<a href=\"mailto:impressum@strato.de\">impressum@strato.de<\/a>&nbsp;<br><a href=\"https:\/\/www.strato.de\/\">www.strato.de<\/a>&nbsp;&nbsp;<\/p><\/p><\/div>","protected":false},"excerpt":{"rendered":"","protected":false},"author":3,"featured_media":0,"parent":0,"menu_order":0,"comment_status":"closed","ping_status":"closed","template":"","meta":{"footnotes":""},"class_list":["post-1534","page","type-page","status-publish","hentry"],"_links":{"self":[{"href":"https:\/\/www.hirsch-steuerungsanlagen.com\/en\/wp-json\/wp\/v2\/pages\/1534","targetHints":{"allow":["GET"]}}],"collection":[{"href":"https:\/\/www.hirsch-steuerungsanlagen.com\/en\/wp-json\/wp\/v2\/pages"}],"about":[{"href":"https:\/\/www.hirsch-steuerungsanlagen.com\/en\/wp-json\/wp\/v2\/types\/page"}],"author":[{"embeddable":true,"href":"https:\/\/www.hirsch-steuerungsanlagen.com\/en\/wp-json\/wp\/v2\/users\/3"}],"replies":[{"embeddable":true,"href":"https:\/\/www.hirsch-steuerungsanlagen.com\/en\/wp-json\/wp\/v2\/comments?post=1534"}],"version-history":[{"count":0,"href":"https:\/\/www.hirsch-steuerungsanlagen.com\/en\/wp-json\/wp\/v2\/pages\/1534\/revisions"}],"wp:attachment":[{"href":"https:\/\/www.hirsch-steuerungsanlagen.com\/en\/wp-json\/wp\/v2\/media?parent=1534"}],"curies":[{"name":"wp","href":"https:\/\/api.w.org\/{rel}","templated":true}]}}